{"id":3417,"date":"2023-04-28T13:40:42","date_gmt":"2023-04-28T13:40:42","guid":{"rendered":"https:\/\/christian-tetzlaff.de\/konzerte\/"},"modified":"2023-06-14T09:13:18","modified_gmt":"2023-06-14T09:13:18","slug":"concert-schedule","status":"publish","type":"page","link":"https:\/\/christian-tetzlaff.de\/en\/concert-schedule\/","title":{"rendered":"Concerts"},"content":{"rendered":"<div class=\"fusion-fullwidth fullwidth-box fusion-builder-row-1 fusion-flex-container nonhundred-percent-fullwidth non-hundred-percent-height-scrolling\" style=\"--awb-border-radius-top-left:0px;--awb-border-radius-top-right:0px;--awb-border-radius-bottom-right:0px;--awb-border-radius-bottom-left:0px;--awb-flex-wrap:wrap;\" ><div class=\"fusion-builder-row fusion-row fusion-flex-align-items-flex-start fusion-flex-content-wrap\" style=\"max-width:1872px;margin-left: calc(-4% \/ 2 );margin-right: calc(-4% \/ 2 );\"><div class=\"fusion-layout-column fusion_builder_column fusion-builder-column-0 fusion_builder_column_1_1 1_1 fusion-flex-column\" style=\"--awb-bg-size:cover;--awb-width-large:100%;--awb-margin-top-large:0px;--awb-spacing-right-large:1.92%;--awb-margin-bottom-large:0px;--awb-spacing-left-large:1.92%;--awb-width-medium:100%;--awb-spacing-right-medium:1.92%;--awb-spacing-left-medium:1.92%;--awb-width-small:100%;--awb-spacing-right-small:1.92%;--awb-spacing-left-small:1.92%;\"><div class=\"fusion-column-wrapper fusion-flex-justify-content-flex-start fusion-content-layout-column\"><div class=\"fusion-text fusion-text-1\"><\/p><div class=\"qem\"><div class=\"qem-icon\"><div class=\"qem-calendar-small\" style=\"margin: 0 6px 6px 0;\"><span class=\"day\">Fri 24<\/span><span class=\"nonday\"><span class=\"month\">Apr<\/span>2026<\/span><\/div><\/div><div class=\"qem-small\"><h2><a href=\"https:\/\/kronbergacademy.eventim-inhouse.de\/webshop\/webticket\/seatmap?eventId=814&amp;el=true\">Kammermusik: Kronberg<\/a><\/h2><p class=\"location\">Casals Forum<br \/>Kronberg im Taunus, Germany<\/p><p>Joseph Haydn: Streichquartett g-Moll Hob. III:33 op. 20\/3\r<br>B\u00e9la Bart\u00f3k: Duos f\u00fcr 2 Violinen Sz 98 Nr. 1-44 (1931)\r<br>Antonin Dvo\u0159\u00e1k: Klaviertrio Nr. 2 g-Moll op. 26 (1876)<\/p><p> Hana Chang, Simon Tetzlaff, Benjamin Kruithof, Kiveli D\u00f6rken, Charlotte Spruit, Julian Rhee, Gordon Lau<br \/><\/p><div style=\"clear: both;\"><\/div><\/div><\/div><p><\/p><div class=\"qem\"><div class=\"qem-icon\"><div class=\"qem-calendar-small\" style=\"margin: 0 6px 6px 0;\"><span class=\"day\">Sat 25<\/span><span class=\"nonday\"><span class=\"month\">Apr<\/span>2026<\/span><\/div><\/div><div class=\"qem-small\"><h2><a href=\"https:\/\/kronbergacademy.eventim-inhouse.de\/webshop\/webticket\/seatmap?eventId=813&amp;el=true\">Kammermusik: Kronberg<\/a><\/h2><p class=\"location\">Casals Forum<br \/>Kronberg im Taunus, Germany<\/p><p>Antonin Dvo\u0159\u00e1k: Terzett f\u00fcr zwei Violinen und Viola C-Dur op. 74 (1887)\r<br>Josef Suk: 4 St\u00fccke f\u00fcr Violine und Klavier op. 17\r<br>**************\r<br>Franz Schubert: Streichquintett C-Dur D 956 op. posth. 163 (1828?)<\/p><p> Simon Tetzlaff, Benjamin Kruithof, Kiveli D\u00f6rken, Charlotte Spruit, Julian Rhee, Dmytro Udovychenko, S\u00e0o Soulez Larivi\u00e8re<br \/><\/p><div style=\"clear: both;\"><\/div><\/div><\/div><p><\/p><div class=\"qem\"><div class=\"qem-icon\"><div class=\"qem-calendar-small\" style=\"margin: 0 6px 6px 0;\"><span class=\"day\">Sun 26<\/span><span class=\"nonday\"><span class=\"month\">Apr<\/span>2026<\/span><\/div><\/div><div class=\"qem-small\"><h2><a href=\"https:\/\/kronbergacademy.eventim-inhouse.de\/webshop\/webticket\/seatmap?eventId=812&amp;el=true\">Kammermusik: Kronberg<\/a><\/h2><p class=\"location\">Casals Forum<br \/>Kronberg im Taunus, Germany<\/p><p>J\u00f6rg Widmann: Streichquartett Nr. 2 (2003) &quot;Choralquartett&quot;\r<br>B\u00e9la Bart\u00f3k: Duos f\u00fcr 2 Violinen Sz 98 Nr. 1-44 (1931)\r<br>Johannes Brahms: Klaviertrio Nr. 3 c-Moll op. 101 (1886)<\/p><p> Simon Tetzlaff, Benjamin Kruithof, Kiveli D\u00f6rken, Charlotte Spruit, Julian Rhee, Dmytro Udovychenko, Hana Chang, Gordon Lau<br \/><\/p><div style=\"clear: both;\"><\/div><\/div><\/div><p><\/p><div class=\"qem\"><div class=\"qem-icon\"><div class=\"qem-calendar-small\" style=\"margin: 0 6px 6px 0;\"><span class=\"day\">Sun 03<\/span><span class=\"nonday\"><span class=\"month\">May<\/span>2026<\/span><\/div><\/div><div class=\"qem-small\"><h2><a href=\"https:\/\/tickets.boulezsaal.de\/selection\/event\/seat?perfId=10229384747070&amp;lang=de\">Solorezital: Berlin<\/a><\/h2><p class=\"location\">Pierre Boulez Saal<br \/>Berlin, Germany<\/p><p>Johann Sebastian Bach: Sonate f\u00fcr Violine solo Nr. 2 a-Moll BWV 1003\r<br>Johann Sebastian Bach: Partita f\u00fcr Violine solo Nr. 2 d-Moll BWV 1004\r<br>**************\r<br>Johann Sebastian Bach: Sonate f\u00fcr Violine solo Nr. 3 C-Dur BWV 1005\r<br>Johann Sebastian Bach: Partita f\u00fcr Violine solo Nr. 3 E-Dur BWV 1006<\/p><p> <br \/><\/p><div style=\"clear: both;\"><\/div><\/div><\/div><p><\/p><div class=\"qem\"><div class=\"qem-icon\"><div class=\"qem-calendar-small\" style=\"margin: 0 6px 6px 0;\"><span class=\"day\">Tue 05<\/span><span class=\"nonday\"><span class=\"month\">May<\/span>2026<\/span><\/div><\/div><div class=\"qem-small\"><h2><a href=\"https:\/\/www.boulezsaal.de\/de\/event\/elternzeitkonzert-593172\">Kammermusik: Berlin<\/a><\/h2><p class=\"location\">Pierre Boulez Saal<br \/>Berlin, Germany<\/p><p><\/p><p> <br \/><\/p><div style=\"clear: both;\"><\/div><\/div><\/div><p><\/p><div class=\"qem\"><div class=\"qem-icon\"><div class=\"qem-calendar-small\" style=\"margin: 0 6px 6px 0;\"><span class=\"day\">Fri 08<\/span><span class=\"nonday\"><span class=\"month\">May<\/span>2026<\/span><\/div><\/div><div class=\"qem-small\"><h2><a href=\"https:\/\/www.kammerphilharmonie.com\/en\/experience\/concert-calendar\/wiedersehen-mit-christian-tetzlaff\/\">Bremen<\/a><\/h2><p class=\"location\">Die Glocke, Bremen<br \/>Bremen, Germany<\/p><p>Felix Mendelssohn Bartholdy: Konzert f\u00fcr Violine und Orchester e-Moll op. 64 (1838-44)<\/p><p>Die Deutsche Kammerphilharmonie Bremen <br \/>Jukka-Pekka Saraste<\/p><div style=\"clear: both;\"><\/div><\/div><\/div><p><\/p><div class=\"qem\"><div class=\"qem-icon\"><div class=\"qem-calendar-small\" style=\"margin: 0 6px 6px 0;\"><span class=\"day\">Sat 09<\/span><span class=\"nonday\"><span class=\"month\">May<\/span>2026<\/span><\/div><\/div><div class=\"qem-small\"><h2><a href=\"https:\/\/www.kammerphilharmonie.com\/en\/experience\/concert-calendar\/wiedersehen-mit-christian-tetzlaff-2\/\">Bremen<\/a><\/h2><p class=\"location\">Die Glocke, Bremen<br \/>Bremen, Germany<\/p><p>Felix Mendelssohn Bartholdy: Konzert f\u00fcr Violine und Orchester e-Moll op. 64 (1838-44)<\/p><p>Die Deutsche Kammerphilharmonie Bremen <br \/>Jukka-Pekka Saraste<\/p><div style=\"clear: both;\"><\/div><\/div><\/div><p><\/p><div class=\"qem\"><div class=\"qem-icon\"><div class=\"qem-calendar-small\" style=\"margin: 0 6px 6px 0;\"><span class=\"day\">Sun 10<\/span><span class=\"nonday\"><span class=\"month\">May<\/span>2026<\/span><\/div><\/div><div class=\"qem-small\"><h2><a href=\"https:\/\/www.elbphilharmonie.de\/de\/programm\/die-deutsche-kammerphilharmonie-bremen-christian-tetzlaff-jukka-pekka-saraste\/23665\">Hamburg<\/a><\/h2><p class=\"location\">Elbphilharmonie<br \/>Hamburg, Germany<\/p><p>Felix Mendelssohn Bartholdy: Konzert f\u00fcr Violine und Orchester e-Moll op. 64 (1838-44)<\/p><p>Die Deutsche Kammerphilharmonie Bremen <br \/>Jukka-Pekka Saraste<\/p><div style=\"clear: both;\"><\/div><\/div><\/div><p><\/p><div class=\"qem\"><div class=\"qem-icon\"><div class=\"qem-calendar-small\" style=\"margin: 0 6px 6px 0;\"><span class=\"day\">Thu 14<\/span><span class=\"nonday\"><span class=\"month\">May<\/span>2026<\/span><\/div><\/div><div class=\"qem-small\"><h2><a href=\"https:\/\/kronbergacademy.eventim-inhouse.de\/webshop\/webticket\/shop?kassierer=web&amp;event=-37\">Kronberg<\/a><\/h2><p class=\"location\">Casals Forum<br \/>Kronberg im Taunus, Germany<\/p><p>Anton Webern: 5 S\u00e4tze f\u00fcr Streichquartett op. 5 (1909)<\/p><p> <br \/><\/p><div style=\"clear: both;\"><\/div><\/div><\/div><p><\/p><div class=\"qem\"><div class=\"qem-icon\"><div class=\"qem-calendar-small\" style=\"margin: 0 6px 6px 0;\"><span class=\"day\">Fri 15<\/span><span class=\"nonday\"><span class=\"month\">May<\/span>2026<\/span><\/div><\/div><div class=\"qem-small\"><h2><a href=\"https:\/\/kronbergacademy.eventim-inhouse.de\/webshop\/webticket\/shop?kassierer=web&amp;event=-37\">Kronberg<\/a><\/h2><p class=\"location\">Casals Forum<br \/>Kronberg im Taunus, Germany<\/p><p>Peter I. Tschaikowsky: Serenade f\u00fcr Streichorchester C-Dur op. 48<\/p><p> <br \/><\/p><div style=\"clear: both;\"><\/div><\/div><\/div><p><\/p><div class=\"qem\"><div class=\"qem-icon\"><div class=\"qem-calendar-small\" style=\"margin: 0 6px 6px 0;\"><span class=\"day\">Sun 17<\/span><span class=\"nonday\"><span class=\"month\">May<\/span>2026<\/span><\/div><\/div><div class=\"qem-small\"><h2><a href=\"https:\/\/kronbergacademy.eventim-inhouse.de\/webshop\/webticket\/shop?kassierer=web&amp;event=-37\">Kronberg<\/a><\/h2><p class=\"location\">Casals Forum<br \/>Kronberg im Taunus, Germany<\/p><p>Peter I. Tschaikowsky: Serenade f\u00fcr Streichorchester C-Dur op. 48<\/p><p> <br \/><\/p><div style=\"clear: both;\"><\/div><\/div><\/div><p><\/p><div class=\"qem\"><div class=\"qem-icon\"><div class=\"qem-calendar-small\" style=\"margin: 0 6px 6px 0;\"><span class=\"day\">Sat 23<\/span><span class=\"nonday\"><span class=\"month\">May<\/span>2026<\/span><\/div><\/div><div class=\"qem-small\"><h2><a href=\"https:\/\/www.nhkso.or.jp\/en\/concert\/202605A.html?pdate=20260523\">Tokyo<\/a><\/h2><p class=\"location\">NHK Hall<br \/>Tokyo, Japan<\/p><p>Johannes Brahms: Konzert f\u00fcr Violine, Violoncello und Orchester a-Moll op. 102<\/p><p>NHK Symphony Orchestra <br \/>Michael Sanderling<\/p><div style=\"clear: both;\"><\/div><\/div><\/div><p><\/p><div class=\"qem\"><div class=\"qem-icon\"><div class=\"qem-calendar-small\" style=\"margin: 0 6px 6px 0;\"><span class=\"day\">Sun 24<\/span><span class=\"nonday\"><span class=\"month\">May<\/span>2026<\/span><\/div><\/div><div class=\"qem-small\"><h2><a href=\"https:\/\/www.nhkso.or.jp\/en\/concert\/202605A.html?pdate=20260524\">Tokyo<\/a><\/h2><p class=\"location\">NHK Hall<br \/>Tokyo, Japan<\/p><p>Johannes Brahms: Konzert f\u00fcr Violine, Violoncello und Orchester a-Moll op. 102<\/p><p>NHK Symphony Orchestra <br \/>Michael Sanderling<\/p><div style=\"clear: both;\"><\/div><\/div><\/div><p><\/p><div class=\"qem\"><div class=\"qem-icon\"><div class=\"qem-calendar-small\" style=\"margin: 0 6px 6px 0;\"><span class=\"day\">Mon 25<\/span><span class=\"nonday\"><span class=\"month\">May<\/span>2026<\/span><\/div><\/div><div class=\"qem-small\"><h2><a href=\"https:\/\/www.asahi-hall.jp\/hamarikyu\/event\/2026\/05\/event3211.html\">Tokyo<\/a><\/h2><p class=\"location\">Hamarikyu Asahi Hall<br \/>Tokyo, Japan<\/p><p>Zolt\u00e1n Kod\u00e1ly: Duo f\u00fcr Violine und Violoncello op. 7\r<br>Johann Sebastian Bach: Suite f\u00fcr Violoncello solo Nr. 3 C-Dur BWV 1009\r<br>**************\r<br>Johann Sebastian Bach: Sonate f\u00fcr Violine solo Nr. 3 C-Dur BWV 1005\r<br>Maurice Ravel: Sonate f\u00fcr Violine und Violoncello C-Dur (1920-22) &quot;\u00c0 la memoire de Claude Debussy&quot;<\/p><p> Tanja Tetzlaff<br \/><\/p><div style=\"clear: both;\"><\/div><\/div><\/div><p><\/p><div class=\"qem\"><div class=\"qem-icon\"><div class=\"qem-calendar-small\" style=\"margin: 0 6px 6px 0;\"><span class=\"day\">Sat 30<\/span><span class=\"nonday\"><span class=\"month\">May<\/span>2026<\/span><\/div><\/div><div class=\"qem-small\"><h2><a href=\"https:\/\/www.rsb-online.de\/konzerte\/simone-young-christian-tetzlaff\/\">Berlin<\/a><\/h2><p class=\"location\">Konzerthaus Berlin<br \/>Berlin, Germany<\/p><p>Antonin Dvo\u0159\u00e1k: Konzert f\u00fcr Violine und Orchester a-Moll op. 53<\/p><p>Rundfunk-Sinfonieorchester Berlin <br \/>Simone Young<\/p><div style=\"clear: both;\"><\/div><\/div><\/div><p><\/p><div class=\"qem\"><div class=\"qem-icon\"><div class=\"qem-calendar-small\" style=\"margin: 0 6px 6px 0;\"><span class=\"day\">Sun 31<\/span><span class=\"nonday\"><span class=\"month\">May<\/span>2026<\/span><\/div><\/div><div class=\"qem-small\"><h2><a href=\"https:\/\/www.operaen.no\/en\/Productions\/christian-tetzlaff-plays-bach-concert\/\">Solorezital: Oslo<\/a><\/h2><p class=\"location\">Den Norske Opera<br \/>Oslo, Norway<\/p><p>Johann Sebastian Bach: Sonate f\u00fcr Violine solo Nr. 1 g-Moll BWV 1001\r<br>Johann Sebastian Bach: Partita f\u00fcr Violine solo Nr. 1 h-Moll BWV 1002\r<br>Johann Sebastian Bach: Sonate f\u00fcr Violine solo Nr. 2 a-Moll BWV 1003\r<br>**************\r<br>Johann Sebastian Bach: Partita f\u00fcr Violine solo Nr. 2 d-Moll BWV 1004\r<br>Johann Sebastian Bach: Sonate f\u00fcr Violine solo Nr. 3 C-Dur BWV 1005\r<br>Johann Sebastian Bach: Partita f\u00fcr Violine solo Nr. 3 E-Dur BWV 1006<\/p><p> <br \/><\/p><div style=\"clear: both;\"><\/div><\/div><\/div><p><\/p><div class=\"qem\"><div class=\"qem-icon\"><div class=\"qem-calendar-small\" style=\"margin: 0 6px 6px 0;\"><span class=\"day\">Tue 02<\/span><span class=\"nonday\"><span class=\"month\">Jun<\/span>2026<\/span><\/div><\/div><div class=\"qem-small\"><h2><a href=\"https:\/\/ostfriesischelandschaft-ticketshop.reservix.de\/p\/reservix\/event\/2527766\">Kammermusik: Weener<\/a><\/h2><p class=\"location\">Georgskirche Weener<br \/>Weener, Germany<\/p><p>Johannes Brahms: Scherzo c-Moll aus der Sonate &quot;FAE&quot; f\u00fcr Violine und Klavier WoO op. posth.\r<br>Leo\u0161 Jan\u00e1\u010dek: Sonate f\u00fcr Violine und Klavier (1914)\r<br>**************\r<br>Antonin Dvo\u0159\u00e1k: Sonate f\u00fcr Violine und Klavier F-Dur op. 57 (1880)\r<br>Johannes Brahms: Sonate f\u00fcr Klavier und Violine Nr. 3 d-Moll op. 108<\/p><p> Matthias Kirschnereit<br \/><\/p><div style=\"clear: both;\"><\/div><\/div><\/div><p><\/p><div class=\"qem\"><div class=\"qem-icon\"><div class=\"qem-calendar-small\" style=\"margin: 0 6px 6px 0;\"><span class=\"day\">Wed 03<\/span><span class=\"nonday\"><span class=\"month\">Jun<\/span>2026<\/span><\/div><\/div><div class=\"qem-small\"><h2><a href=\"https:\/\/kempen-klassik.de\/programm-details\/christian-tetzlaff-violine-matthias-kirschnereit-klavier-20260603.html\">Kempen<\/a><\/h2><p class=\"location\">Kulturforum Franziskanerkloster - Paterskirche<br \/>Kempen, Germany<\/p><p>Johannes Brahms: Scherzo c-Moll aus der Sonate &quot;FAE&quot; f\u00fcr Violine und Klavier WoO op. posth.\r<br>Leo\u0161 Jan\u00e1\u010dek: Sonate f\u00fcr Violine und Klavier (1914)\r<br>Johannes Brahms: Sonate f\u00fcr Klavier und Violine Nr. 3 d-Moll op. 108<\/p><p> Matthias Kirschnereit<br \/><\/p><div style=\"clear: both;\"><\/div><\/div><\/div><p><\/p><div class=\"qem\"><div class=\"qem-icon\"><div class=\"qem-calendar-small\" style=\"margin: 0 6px 6px 0;\"><span class=\"day\">Sun 07<\/span><span class=\"nonday\"><span class=\"month\">Jun<\/span>2026<\/span><\/div><\/div><div class=\"qem-small\"><h2><a href=\"https:\/\/www.wigmore-hall.org.uk\/booking\/61096\">Solorezital: London<\/a><\/h2><p class=\"location\">Wigmore Hall<br \/>London, United Kingdom<\/p><p>Johann Sebastian Bach: Sonate f\u00fcr Violine solo Nr. 1 g-Moll BWV 1001\r<br>Johann Sebastian Bach: Partita f\u00fcr Violine solo Nr. 1 h-Moll BWV 1002\r<br>Johann Sebastian Bach: Sonate f\u00fcr Violine solo Nr. 2 a-Moll BWV 1003\r<br>**************\r<br>Johann Sebastian Bach: Partita f\u00fcr Violine solo Nr. 2 d-Moll BWV 1004\r<br>Johann Sebastian Bach: Sonate f\u00fcr Violine solo Nr. 3 C-Dur BWV 1005\r<br>Johann Sebastian Bach: Partita f\u00fcr Violine solo Nr. 3 E-Dur BWV 1006<\/p><p> <br \/><\/p><div style=\"clear: both;\"><\/div><\/div><\/div><p><\/p><div class=\"qem\"><div class=\"qem-icon\"><div class=\"qem-calendar-small\" style=\"margin: 0 6px 6px 0;\"><span class=\"day\">Fri 26<\/span><span class=\"nonday\"><span class=\"month\">Jun<\/span>2026<\/span><\/div><\/div><div class=\"qem-small\"><h2><a href=\"https:\/\/www.kissingersommer.de\/programm\/konzerte\/index.html?ev[id]=133856\">Bad Kissingen<\/a><\/h2><p class=\"location\">Max-Littmann-Saal<br \/>Bad Kissingen, Germany<\/p><p>Antonin Dvo\u0159\u00e1k: Konzert f\u00fcr Violine und Orchester a-Moll op. 53<\/p><p>hr-Sinfonieorchester Frankfurt <br \/>Alain Altinoglu<\/p><div style=\"clear: both;\"><\/div><\/div><\/div><p>\n<\/div><\/div><\/div><\/div><\/div>\n","protected":false},"excerpt":{"rendered":"","protected":false},"author":1,"featured_media":291,"parent":0,"menu_order":0,"comment_status":"closed","ping_status":"closed","template":"","meta":{"_FSMCFIC_featured_image_caption":"","_FSMCFIC_featured_image_nocaption":"","_FSMCFIC_featured_image_hide":"","footnotes":""},"class_list":["post-3417","page","type-page","status-publish","has-post-thumbnail","hentry"],"yoast_head":"<!-- This site is optimized with the Yoast SEO plugin v25.6 - https:\/\/yoast.com\/wordpress\/plugins\/seo\/ -->\n<title>Concerts - Christian Tetzlaff<\/title>\n<meta name=\"robots\" content=\"index, follow, max-snippet:-1, max-image-preview:large, max-video-preview:-1\" \/>\n<link rel=\"canonical\" href=\"https:\/\/christian-tetzlaff.de\/en\/concert-schedule\/\" \/>\n<meta property=\"og:locale\" content=\"en_US\" \/>\n<meta property=\"og:type\" content=\"article\" \/>\n<meta property=\"og:title\" content=\"Concerts - Christian Tetzlaff\" \/>\n<meta property=\"og:url\" content=\"https:\/\/christian-tetzlaff.de\/en\/concert-schedule\/\" \/>\n<meta property=\"og:site_name\" content=\"Christian Tetzlaff\" \/>\n<meta property=\"article:modified_time\" content=\"2023-06-14T09:13:18+00:00\" \/>\n<meta property=\"og:image\" content=\"https:\/\/christian-tetzlaff.de\/wp-content\/uploads\/2023\/04\/title-termine-neu.jpg\" \/>\n\t<meta property=\"og:image:width\" content=\"1800\" \/>\n\t<meta property=\"og:image:height\" content=\"1197\" \/>\n\t<meta property=\"og:image:type\" content=\"image\/jpeg\" \/>\n<meta name=\"twitter:card\" content=\"summary_large_image\" \/>\n<meta name=\"twitter:label1\" content=\"Est. reading time\" \/>\n\t<meta name=\"twitter:data1\" content=\"1 minute\" \/>\n<script type=\"application\/ld+json\" class=\"yoast-schema-graph\">{\"@context\":\"https:\/\/schema.org\",\"@graph\":[{\"@type\":\"WebPage\",\"@id\":\"https:\/\/christian-tetzlaff.de\/en\/concert-schedule\/\",\"url\":\"https:\/\/christian-tetzlaff.de\/en\/concert-schedule\/\",\"name\":\"Concerts - Christian Tetzlaff\",\"isPartOf\":{\"@id\":\"https:\/\/christian-tetzlaff.de\/en\/#website\"},\"primaryImageOfPage\":{\"@id\":\"https:\/\/christian-tetzlaff.de\/en\/concert-schedule\/#primaryimage\"},\"image\":{\"@id\":\"https:\/\/christian-tetzlaff.de\/en\/concert-schedule\/#primaryimage\"},\"thumbnailUrl\":\"https:\/\/christian-tetzlaff.de\/wp-content\/uploads\/2023\/04\/title-termine-neu.jpg\",\"datePublished\":\"2023-04-28T13:40:42+00:00\",\"dateModified\":\"2023-06-14T09:13:18+00:00\",\"breadcrumb\":{\"@id\":\"https:\/\/christian-tetzlaff.de\/en\/concert-schedule\/#breadcrumb\"},\"inLanguage\":\"en-US\",\"potentialAction\":[{\"@type\":\"ReadAction\",\"target\":[\"https:\/\/christian-tetzlaff.de\/en\/concert-schedule\/\"]}]},{\"@type\":\"ImageObject\",\"inLanguage\":\"en-US\",\"@id\":\"https:\/\/christian-tetzlaff.de\/en\/concert-schedule\/#primaryimage\",\"url\":\"https:\/\/christian-tetzlaff.de\/wp-content\/uploads\/2023\/04\/title-termine-neu.jpg\",\"contentUrl\":\"https:\/\/christian-tetzlaff.de\/wp-content\/uploads\/2023\/04\/title-termine-neu.jpg\",\"width\":1800,\"height\":1197,\"caption\":\"Photo: \u00a9 Giorgia Bertazzi\"},{\"@type\":\"BreadcrumbList\",\"@id\":\"https:\/\/christian-tetzlaff.de\/en\/concert-schedule\/#breadcrumb\",\"itemListElement\":[{\"@type\":\"ListItem\",\"position\":1,\"name\":\"Startseite\",\"item\":\"https:\/\/christian-tetzlaff.de\/en\/\"},{\"@type\":\"ListItem\",\"position\":2,\"name\":\"Concerts\"}]},{\"@type\":\"WebSite\",\"@id\":\"https:\/\/christian-tetzlaff.de\/en\/#website\",\"url\":\"https:\/\/christian-tetzlaff.de\/en\/\",\"name\":\"Christian Tetzlaff\",\"description\":\"Official Website\",\"alternateName\":\"Christian Tetzlaff\",\"potentialAction\":[{\"@type\":\"SearchAction\",\"target\":{\"@type\":\"EntryPoint\",\"urlTemplate\":\"https:\/\/christian-tetzlaff.de\/en\/?s={search_term_string}\"},\"query-input\":{\"@type\":\"PropertyValueSpecification\",\"valueRequired\":true,\"valueName\":\"search_term_string\"}}],\"inLanguage\":\"en-US\"}]}<\/script>\n<!-- \/ Yoast SEO plugin. -->","yoast_head_json":{"title":"Concerts - Christian Tetzlaff","robots":{"index":"index","follow":"follow","max-snippet":"max-snippet:-1","max-image-preview":"max-image-preview:large","max-video-preview":"max-video-preview:-1"},"canonical":"https:\/\/christian-tetzlaff.de\/en\/concert-schedule\/","og_locale":"en_US","og_type":"article","og_title":"Concerts - Christian Tetzlaff","og_url":"https:\/\/christian-tetzlaff.de\/en\/concert-schedule\/","og_site_name":"Christian Tetzlaff","article_modified_time":"2023-06-14T09:13:18+00:00","og_image":[{"width":1800,"height":1197,"url":"https:\/\/christian-tetzlaff.de\/wp-content\/uploads\/2023\/04\/title-termine-neu.jpg","type":"image\/jpeg"}],"twitter_card":"summary_large_image","twitter_misc":{"Est. reading time":"1 minute"},"schema":{"@context":"https:\/\/schema.org","@graph":[{"@type":"WebPage","@id":"https:\/\/christian-tetzlaff.de\/en\/concert-schedule\/","url":"https:\/\/christian-tetzlaff.de\/en\/concert-schedule\/","name":"Concerts - Christian Tetzlaff","isPartOf":{"@id":"https:\/\/christian-tetzlaff.de\/en\/#website"},"primaryImageOfPage":{"@id":"https:\/\/christian-tetzlaff.de\/en\/concert-schedule\/#primaryimage"},"image":{"@id":"https:\/\/christian-tetzlaff.de\/en\/concert-schedule\/#primaryimage"},"thumbnailUrl":"https:\/\/christian-tetzlaff.de\/wp-content\/uploads\/2023\/04\/title-termine-neu.jpg","datePublished":"2023-04-28T13:40:42+00:00","dateModified":"2023-06-14T09:13:18+00:00","breadcrumb":{"@id":"https:\/\/christian-tetzlaff.de\/en\/concert-schedule\/#breadcrumb"},"inLanguage":"en-US","potentialAction":[{"@type":"ReadAction","target":["https:\/\/christian-tetzlaff.de\/en\/concert-schedule\/"]}]},{"@type":"ImageObject","inLanguage":"en-US","@id":"https:\/\/christian-tetzlaff.de\/en\/concert-schedule\/#primaryimage","url":"https:\/\/christian-tetzlaff.de\/wp-content\/uploads\/2023\/04\/title-termine-neu.jpg","contentUrl":"https:\/\/christian-tetzlaff.de\/wp-content\/uploads\/2023\/04\/title-termine-neu.jpg","width":1800,"height":1197,"caption":"Photo: \u00a9 Giorgia Bertazzi"},{"@type":"BreadcrumbList","@id":"https:\/\/christian-tetzlaff.de\/en\/concert-schedule\/#breadcrumb","itemListElement":[{"@type":"ListItem","position":1,"name":"Startseite","item":"https:\/\/christian-tetzlaff.de\/en\/"},{"@type":"ListItem","position":2,"name":"Concerts"}]},{"@type":"WebSite","@id":"https:\/\/christian-tetzlaff.de\/en\/#website","url":"https:\/\/christian-tetzlaff.de\/en\/","name":"Christian Tetzlaff","description":"Official Website","alternateName":"Christian Tetzlaff","potentialAction":[{"@type":"SearchAction","target":{"@type":"EntryPoint","urlTemplate":"https:\/\/christian-tetzlaff.de\/en\/?s={search_term_string}"},"query-input":{"@type":"PropertyValueSpecification","valueRequired":true,"valueName":"search_term_string"}}],"inLanguage":"en-US"}]}},"_links":{"self":[{"href":"https:\/\/christian-tetzlaff.de\/en\/wp-json\/wp\/v2\/pages\/3417","targetHints":{"allow":["GET"]}}],"collection":[{"href":"https:\/\/christian-tetzlaff.de\/en\/wp-json\/wp\/v2\/pages"}],"about":[{"href":"https:\/\/christian-tetzlaff.de\/en\/wp-json\/wp\/v2\/types\/page"}],"author":[{"embeddable":true,"href":"https:\/\/christian-tetzlaff.de\/en\/wp-json\/wp\/v2\/users\/1"}],"replies":[{"embeddable":true,"href":"https:\/\/christian-tetzlaff.de\/en\/wp-json\/wp\/v2\/comments?post=3417"}],"version-history":[{"count":4,"href":"https:\/\/christian-tetzlaff.de\/en\/wp-json\/wp\/v2\/pages\/3417\/revisions"}],"predecessor-version":[{"id":3758,"href":"https:\/\/christian-tetzlaff.de\/en\/wp-json\/wp\/v2\/pages\/3417\/revisions\/3758"}],"wp:featuredmedia":[{"embeddable":true,"href":"https:\/\/christian-tetzlaff.de\/en\/wp-json\/wp\/v2\/media\/291"}],"wp:attachment":[{"href":"https:\/\/christian-tetzlaff.de\/en\/wp-json\/wp\/v2\/media?parent=3417"}],"curies":[{"name":"wp","href":"https:\/\/api.w.org\/{rel}","templated":true}]}}