{"id":300,"date":"2023-04-28T12:30:33","date_gmt":"2023-04-28T12:30:33","guid":{"rendered":"https:\/\/christian-tetzlaff.de\/biografie\/"},"modified":"2025-08-05T16:02:02","modified_gmt":"2025-08-05T16:02:02","slug":"biography","status":"publish","type":"page","link":"https:\/\/christian-tetzlaff.de\/en\/biography\/","title":{"rendered":"Biography"},"content":{"rendered":"<div class=\"fusion-fullwidth fullwidth-box fusion-builder-row-1 fusion-flex-container has-pattern-background has-mask-background nonhundred-percent-fullwidth non-hundred-percent-height-scrolling\" style=\"--awb-border-radius-top-left:0px;--awb-border-radius-top-right:0px;--awb-border-radius-bottom-right:0px;--awb-border-radius-bottom-left:0px;--awb-flex-wrap:wrap;\" ><div class=\"fusion-builder-row fusion-row fusion-flex-align-items-flex-start fusion-flex-content-wrap\" style=\"max-width:1872px;margin-left: calc(-4% \/ 2 );margin-right: calc(-4% \/ 2 );\"><div class=\"fusion-layout-column fusion_builder_column fusion-builder-column-0 fusion_builder_column_1_1 1_1 fusion-flex-column\" style=\"--awb-bg-size:cover;--awb-width-large:100%;--awb-margin-top-large:0px;--awb-spacing-right-large:1.92%;--awb-margin-bottom-large:20px;--awb-spacing-left-large:1.92%;--awb-width-medium:100%;--awb-order-medium:0;--awb-spacing-right-medium:1.92%;--awb-spacing-left-medium:1.92%;--awb-width-small:100%;--awb-order-small:0;--awb-spacing-right-small:1.92%;--awb-spacing-left-small:1.92%;\"><div class=\"fusion-column-wrapper fusion-column-has-shadow fusion-flex-justify-content-flex-start fusion-content-layout-column\"><div class=\"fusion-text fusion-text-1\"><p><em> \u201eIn addition to handling the daunting technical demands with ease, from his first entrance the violinist brought out an essential fantasy quality, [\u2026] Tetzlaff consistently conveyed the nostalgia and romantic melancholy that is at the heart of this work.\u201c<\/em><br \/>Chicago Classical Review, 2024<\/p>\n<\/div><div class=\"fusion-text fusion-text-2\"><p>Violinist Christian Tetzlaff is highly acclaimed for his expressive, insightful and personal interpretations. His individual approach to the score, always searching for the emotional and structural depth of the composition, has built a loyal following over time who often describe his performance as an existential experience. Since his spectacular debuts with the Sch\u00f6nberg violin concerto in 1988 in Berlin, Munich and Cleveland, he has appeared with major orchestras of the highest calibre such as Berlin, Vienna, New York Philharmonics, the Boston and Chicago Symphony Orchestras, the Royal Concertgebouw Orchestra, London Symphony Orchestra and many others. He performs an extensive repertoire ranging from Bach\u2019s solo sonatas and partitas to lesser-known concertos by Giovanni Battista Viotti and Joseph Joachim, to contemporary works by Gy\u00f6rgy Ligeti, J\u00f6rg Widmann and Thomas Ades. In 2023 he took over the artistic direction of the SPANNUNGEN Festival in Heimbach, Germany.<\/p>\n<p>In the 2025\/26 season Tetzlaff features as Artist-in-Residence of the Rundfunk-Sinfonieorchester Berlin and performs concertos by Berg, Suk and Dvo\u0159\u00e1k as well as chamber music with Vladimir Jurowski. In February 2026 he gives the world premiere of Ondrej Adamek\u2019s Violin Concerto No. 2 in Paris, with subsequent national premieres in Switzerland and the Czech Republic. Further highlights of the season include duo recitals with Leif-Ove Andsnes, solo violin recitals in Berlin, Oslo and London, and concerts with the BBC Symphony Orchestra, Deutsche Kammerphilharmonie Bremen, Wiener Symphoniker, SWR Symphonieorchester, Helsinki Philharmonic, and the NHK Symphony Orchestra.<\/p>\n<p>Tetzlaff collaborates with many of today\u2019s leading conductors, including Herbert Blomstedt, Karina Canellakis, Maxim Emelyanychev, Christoph Eschenbach, Daniele Gatti, Daniel Harding, Manfred Honeck, Jakub Hr\u016f\u0161a, Marie Jacquot, Paavo J\u00e4rvi, Vladimir Jurowski, Cristian M\u0103celaru, Andris Nelsons, Gianandrea Noseda, Sakari Oramo, Sir Antonio Pappano, Kirill Petrenko, Sir Simon Rattle, Esa-Pekka Salonen, Jukka-Pekka Saraste, John Storg\u00e5rds, Robin Ticciati, and Juraj Val\u010duha.<\/p>\n<p>Chamber music has been an integral part of his career. In 1994 he founded the Tetzlaff Quartet with his sister, cellist Tanja Tetzlaff. The ensemble tours each season and performs in 2025\/26 in Germany and the United Kingdom. Tetzlaff Quartet was awarded a Diapason d\u2019or l&#8217;ann\u00e9e in 2015 for their recording of Berg\u2019s Lyric Suite and Mendelssohn. Christian and Tanja Tetzlaff also perform regularly as a trio with pianist Kiveli D\u00f6rken.<\/p>\n<p>His extensive discography, primarily on the Ondine label, has received the Jahrespreis der Deutschen Schallplattenkritik, several Diapason d\u2019or awards and the Midem Classical Award. Recent highlights include Sibelius with the Finnish Radio Symphony Orchestra and Nick Collon, and Brahms piano quartets which were the last recordings of the late Lars Vogt. Elgar and Ad\u00e8s violin concertos with the BBC Philharmonic and John Storg\u00e5rds are being released in autumn 2025. He has recorded Bach\u2019s solo violin works three times.<\/p>\n<p>Christian Tetzlaff performs on a violin made by Peter Greiner. He teaches at the Kronberg Academy, and lives in Berlin with his wife, photographer Giorgia Bertazzi, and their three children.<\/p>\n<\/div><div class=\"fusion-text fusion-text-3\" style=\"--awb-font-size:0.7em;\"><p>SEASON 2025\/2026 &#8211; WE UPDATE OUR BIOGRAPHIES REGULARLY. PLEASE DO NOT USE PREVIOUSLY DATED MATERIAL<\/p>\n<\/div><\/div><\/div><\/div><\/div>\n","protected":false},"excerpt":{"rendered":"","protected":false},"author":1,"featured_media":289,"parent":0,"menu_order":0,"comment_status":"closed","ping_status":"closed","template":"100-width.php","meta":{"_FSMCFIC_featured_image_caption":"","_FSMCFIC_featured_image_nocaption":"","_FSMCFIC_featured_image_hide":"","footnotes":""},"class_list":["post-300","page","type-page","status-publish","has-post-thumbnail","hentry"],"yoast_head":"<!-- This site is optimized with the Yoast SEO plugin v25.6 - https:\/\/yoast.com\/wordpress\/plugins\/seo\/ -->\n<title>Biography - Christian Tetzlaff<\/title>\n<meta name=\"robots\" content=\"index, follow, max-snippet:-1, max-image-preview:large, max-video-preview:-1\" \/>\n<link rel=\"canonical\" href=\"https:\/\/christian-tetzlaff.de\/en\/biography\/\" \/>\n<meta property=\"og:locale\" content=\"en_US\" \/>\n<meta property=\"og:type\" content=\"article\" \/>\n<meta property=\"og:title\" content=\"Biography - Christian Tetzlaff\" \/>\n<meta property=\"og:url\" content=\"https:\/\/christian-tetzlaff.de\/en\/biography\/\" \/>\n<meta property=\"og:site_name\" content=\"Christian Tetzlaff\" \/>\n<meta property=\"article:modified_time\" content=\"2025-08-05T16:02:02+00:00\" \/>\n<meta property=\"og:image\" content=\"https:\/\/christian-tetzlaff.de\/wp-content\/uploads\/2023\/04\/title-biografie-neu.jpg\" \/>\n\t<meta property=\"og:image:width\" content=\"1800\" \/>\n\t<meta property=\"og:image:height\" content=\"1197\" \/>\n\t<meta property=\"og:image:type\" content=\"image\/jpeg\" \/>\n<meta name=\"twitter:card\" content=\"summary_large_image\" \/>\n<meta name=\"twitter:label1\" content=\"Est. reading time\" \/>\n\t<meta name=\"twitter:data1\" content=\"6 minutes\" \/>\n<script type=\"application\/ld+json\" class=\"yoast-schema-graph\">{\"@context\":\"https:\/\/schema.org\",\"@graph\":[{\"@type\":\"WebPage\",\"@id\":\"https:\/\/christian-tetzlaff.de\/en\/biography\/\",\"url\":\"https:\/\/christian-tetzlaff.de\/en\/biography\/\",\"name\":\"Biography - Christian Tetzlaff\",\"isPartOf\":{\"@id\":\"https:\/\/christian-tetzlaff.de\/en\/#website\"},\"primaryImageOfPage\":{\"@id\":\"https:\/\/christian-tetzlaff.de\/en\/biography\/#primaryimage\"},\"image\":{\"@id\":\"https:\/\/christian-tetzlaff.de\/en\/biography\/#primaryimage\"},\"thumbnailUrl\":\"https:\/\/christian-tetzlaff.de\/wp-content\/uploads\/2023\/04\/title-biografie-neu.jpg\",\"datePublished\":\"2023-04-28T12:30:33+00:00\",\"dateModified\":\"2025-08-05T16:02:02+00:00\",\"breadcrumb\":{\"@id\":\"https:\/\/christian-tetzlaff.de\/en\/biography\/#breadcrumb\"},\"inLanguage\":\"en-US\",\"potentialAction\":[{\"@type\":\"ReadAction\",\"target\":[\"https:\/\/christian-tetzlaff.de\/en\/biography\/\"]}]},{\"@type\":\"ImageObject\",\"inLanguage\":\"en-US\",\"@id\":\"https:\/\/christian-tetzlaff.de\/en\/biography\/#primaryimage\",\"url\":\"https:\/\/christian-tetzlaff.de\/wp-content\/uploads\/2023\/04\/title-biografie-neu.jpg\",\"contentUrl\":\"https:\/\/christian-tetzlaff.de\/wp-content\/uploads\/2023\/04\/title-biografie-neu.jpg\",\"width\":1800,\"height\":1197,\"caption\":\"Photo: \u00a9 Giorgia Bertazzi\"},{\"@type\":\"BreadcrumbList\",\"@id\":\"https:\/\/christian-tetzlaff.de\/en\/biography\/#breadcrumb\",\"itemListElement\":[{\"@type\":\"ListItem\",\"position\":1,\"name\":\"Startseite\",\"item\":\"https:\/\/christian-tetzlaff.de\/en\/\"},{\"@type\":\"ListItem\",\"position\":2,\"name\":\"Biography\"}]},{\"@type\":\"WebSite\",\"@id\":\"https:\/\/christian-tetzlaff.de\/en\/#website\",\"url\":\"https:\/\/christian-tetzlaff.de\/en\/\",\"name\":\"Christian Tetzlaff\",\"description\":\"Official Website\",\"alternateName\":\"Christian Tetzlaff\",\"potentialAction\":[{\"@type\":\"SearchAction\",\"target\":{\"@type\":\"EntryPoint\",\"urlTemplate\":\"https:\/\/christian-tetzlaff.de\/en\/?s={search_term_string}\"},\"query-input\":{\"@type\":\"PropertyValueSpecification\",\"valueRequired\":true,\"valueName\":\"search_term_string\"}}],\"inLanguage\":\"en-US\"}]}<\/script>\n<!-- \/ Yoast SEO plugin. -->","yoast_head_json":{"title":"Biography - Christian Tetzlaff","robots":{"index":"index","follow":"follow","max-snippet":"max-snippet:-1","max-image-preview":"max-image-preview:large","max-video-preview":"max-video-preview:-1"},"canonical":"https:\/\/christian-tetzlaff.de\/en\/biography\/","og_locale":"en_US","og_type":"article","og_title":"Biography - Christian Tetzlaff","og_url":"https:\/\/christian-tetzlaff.de\/en\/biography\/","og_site_name":"Christian Tetzlaff","article_modified_time":"2025-08-05T16:02:02+00:00","og_image":[{"width":1800,"height":1197,"url":"https:\/\/christian-tetzlaff.de\/wp-content\/uploads\/2023\/04\/title-biografie-neu.jpg","type":"image\/jpeg"}],"twitter_card":"summary_large_image","twitter_misc":{"Est. reading time":"6 minutes"},"schema":{"@context":"https:\/\/schema.org","@graph":[{"@type":"WebPage","@id":"https:\/\/christian-tetzlaff.de\/en\/biography\/","url":"https:\/\/christian-tetzlaff.de\/en\/biography\/","name":"Biography - Christian Tetzlaff","isPartOf":{"@id":"https:\/\/christian-tetzlaff.de\/en\/#website"},"primaryImageOfPage":{"@id":"https:\/\/christian-tetzlaff.de\/en\/biography\/#primaryimage"},"image":{"@id":"https:\/\/christian-tetzlaff.de\/en\/biography\/#primaryimage"},"thumbnailUrl":"https:\/\/christian-tetzlaff.de\/wp-content\/uploads\/2023\/04\/title-biografie-neu.jpg","datePublished":"2023-04-28T12:30:33+00:00","dateModified":"2025-08-05T16:02:02+00:00","breadcrumb":{"@id":"https:\/\/christian-tetzlaff.de\/en\/biography\/#breadcrumb"},"inLanguage":"en-US","potentialAction":[{"@type":"ReadAction","target":["https:\/\/christian-tetzlaff.de\/en\/biography\/"]}]},{"@type":"ImageObject","inLanguage":"en-US","@id":"https:\/\/christian-tetzlaff.de\/en\/biography\/#primaryimage","url":"https:\/\/christian-tetzlaff.de\/wp-content\/uploads\/2023\/04\/title-biografie-neu.jpg","contentUrl":"https:\/\/christian-tetzlaff.de\/wp-content\/uploads\/2023\/04\/title-biografie-neu.jpg","width":1800,"height":1197,"caption":"Photo: \u00a9 Giorgia Bertazzi"},{"@type":"BreadcrumbList","@id":"https:\/\/christian-tetzlaff.de\/en\/biography\/#breadcrumb","itemListElement":[{"@type":"ListItem","position":1,"name":"Startseite","item":"https:\/\/christian-tetzlaff.de\/en\/"},{"@type":"ListItem","position":2,"name":"Biography"}]},{"@type":"WebSite","@id":"https:\/\/christian-tetzlaff.de\/en\/#website","url":"https:\/\/christian-tetzlaff.de\/en\/","name":"Christian Tetzlaff","description":"Official Website","alternateName":"Christian Tetzlaff","potentialAction":[{"@type":"SearchAction","target":{"@type":"EntryPoint","urlTemplate":"https:\/\/christian-tetzlaff.de\/en\/?s={search_term_string}"},"query-input":{"@type":"PropertyValueSpecification","valueRequired":true,"valueName":"search_term_string"}}],"inLanguage":"en-US"}]}},"_links":{"self":[{"href":"https:\/\/christian-tetzlaff.de\/en\/wp-json\/wp\/v2\/pages\/300","targetHints":{"allow":["GET"]}}],"collection":[{"href":"https:\/\/christian-tetzlaff.de\/en\/wp-json\/wp\/v2\/pages"}],"about":[{"href":"https:\/\/christian-tetzlaff.de\/en\/wp-json\/wp\/v2\/types\/page"}],"author":[{"embeddable":true,"href":"https:\/\/christian-tetzlaff.de\/en\/wp-json\/wp\/v2\/users\/1"}],"replies":[{"embeddable":true,"href":"https:\/\/christian-tetzlaff.de\/en\/wp-json\/wp\/v2\/comments?post=300"}],"version-history":[{"count":8,"href":"https:\/\/christian-tetzlaff.de\/en\/wp-json\/wp\/v2\/pages\/300\/revisions"}],"predecessor-version":[{"id":4031,"href":"https:\/\/christian-tetzlaff.de\/en\/wp-json\/wp\/v2\/pages\/300\/revisions\/4031"}],"wp:featuredmedia":[{"embeddable":true,"href":"https:\/\/christian-tetzlaff.de\/en\/wp-json\/wp\/v2\/media\/289"}],"wp:attachment":[{"href":"https:\/\/christian-tetzlaff.de\/en\/wp-json\/wp\/v2\/media?parent=300"}],"curies":[{"name":"wp","href":"https:\/\/api.w.org\/{rel}","templated":true}]}}